{"id":31,"date":"2022-09-20T10:54:07","date_gmt":"2022-09-20T10:54:07","guid":{"rendered":"https:\/\/cpps-cancer.uav.ro\/?page_id=31"},"modified":"2025-01-10T07:29:44","modified_gmt":"2025-01-10T07:29:44","slug":"dissemination","status":"publish","type":"page","link":"https:\/\/cpps-cancer.uav.ro\/?page_id=31","title":{"rendered":"Dissemination"},"content":{"rendered":"\n<p><strong>Scientific Papers<\/strong><\/p>\n\n\n\n<ol class=\"wp-block-list\">\n<li>\u0218um\u0103lan, Radu Liviu, Dana Maria Copolovici, Manuela Cri\u0219an, Florin St\u0103nic\u0103, Renata Maria \u0218um\u0103lan, Andreea Lupitu, Simona Ioana Vicas, Silvia Mot, Lucian Copolovici, and Sorin Ciulca. 2025. &#8220;Assessment of Fruit Traits and Antioxidant Capacity in Wild and Cultivated Genotypes of\u00a0<em>Ziziphus<\/em>\u00a0sp.&#8221;\u00a0<em>Plants<\/em>\u00a014, no. 1: 134. <a href=\"https:\/\/doi.org\/10.3390\/plants14010134\">https:\/\/doi.org\/10.3390\/plants14010134<\/a> <\/li>\n\n\n\n<li>Paduraru Emanuela, Jijie Roxana, Simionov Ira-Adeline, Gavrilescu Cristina-Maria, Ilie Tudor, Iacob Diana, Lupitu Andreea, Moisa Cristian, Muresan Claudia, Copolovici Lucian, Copolovici Dana Maria, Mihalache Gabriela, Lipsa Florin Daniel, Solcan Gheorghe, Danelet Gabriela-Alexandra, Nicoara Mircea, Ciobica Alin and Solcan Carmen, <strong>2024<\/strong>. &#8220;<b>HONEY ENRICHED WITH ADDITIVES ALLEVIATES BEHAVIORAL, OXIDATIVE STRESS, AND BRAIN ALTERATIONS INDUCED BY HEAVY METALS AND IMIDACLOPRID IN ZEBRAFISH&#8221;<\/b>&nbsp;<em>International Journal of Molecular Sciences<\/em>&nbsp;25, no. 21: 11730. <a href=\"https:\/\/doi.org\/10.3390\/ijms252111730\">https:\/\/doi.org\/10.3390\/ijms252111730<\/a><\/li>\n\n\n\n<li>Andreea Gostaviceanu, Simona Gavrilas, Lucian Copolovici, Dana Maria Copolovici, <b>GRAPHENE-OXIDE PEPTIDE-CONTAINING MATERIALS FOR BIOMEDICAL APPLICATIONS,<\/b> <em>International Journal of Molecular Science<\/em>, <strong>2024<\/strong>, 25, 10174 (I.F. = 4.9).&nbsp; <a href=\"https:\/\/doi.org\/10.3390\/ijms251810174\">https:\/\/doi.org\/10.3390\/ijms251810174<\/a><\/li>\n\n\n\n<li>Tolos (Vasii), Ana Maria, Cristian Moisa, Mihaela Dochia, Carmen Popa, Lucian Copolovici, and Dana Maria Copolovici, &#8220;<strong>ANTICANCER POTENTIAL OF ANTIMICROBIAL PEPTIDES: FOCUS ON BUFORINS&#8221;<\/strong>,&nbsp;Polymers, <strong>2024<\/strong>&nbsp;16, no. 6: 728. <a href=\"https:\/\/doi.org\/10.3390\/polym16060728\">https:\/\/doi.org\/10.3390\/polym16060728<\/a><\/li>\n\n\n\n<li>Andreea Gostaviceanu, Simona Gavrilas, Lucian Copolovici, Dana Maria Copolovici, <strong>MEMBRANE-ACTIVE PEPTIDES AND THEIR POTENTIAL BIOMEDICAL APPLICATION,<\/strong> &nbsp;Pharmaceutics, <strong>2023<\/strong>, 15(8), 2091;&nbsp;<a href=\"https:\/\/doi.org\/10.3390\/pharmaceutics15082091\">https:\/\/doi.org\/10.3390\/pharmaceutics15082091<\/a><\/li>\n\n\n\n<li>Silvia Elena Lavinia Mot, Paul Andrei Salajan, Cristian Moisa, Lucian Copolovici, Dana Maria Copolovici, <strong>CHEMICAL AND ANTIOXIDANT CAPACITY EVALUATIONOF CENTAUREA JACEAEXTRACTS FROM PLANTS HARVESTED IN ARAD COUNTY, ROMANIA<\/strong>, Scien. Tech. Bull-Chem. Food Sci. Eng., Vol. 19(XX), <strong>2022<\/strong>, 53-62.<br><\/li>\n<\/ol>\n\n\n\n<p><\/p>\n\n\n\n<p><strong>Scientific Conferences<\/strong><\/p>\n\n\n\n<p><\/p>\n\n\n\n<ol class=\"wp-block-list\">\n<li>Dana Maria Copolovici, Cristian Moisa, Andreea Ioana Lupitu, Lucian Copolovici,&nbsp;Peptide<b> APPLICATIONS IN BIOTECHNOLOGY AND BIOMEDICINE<\/b>, Invited Speaker at The 21<sup>st<\/sup>&nbsp;International Conference of the University of Agricultural Sciences and Veterinary Medicine \u201cLife Sciences for Sustainable Development\u201d, 15-17 September 2022, Cluj-Napoca.<\/li>\n\n\n\n<li>Cristian Moisa, Andreea Lupitu, Lucian Copolovici, Dana Maria Copolovici,&nbsp;<strong>CELL-PENETRATING ANTIMICROBIAL PEPTIDES<\/strong>, The 21<sup>st<\/sup>&nbsp;International Conference of the University of Agricultural Sciences and Veterinary Medicine \u201cLife Sciences for Sustainable Development\u201d, 15-17 September 2022, Cluj-Napoca.<\/li>\n\n\n\n<li>Dana Maria Copolovici,&nbsp;Cristian Moisa, Andreea Ioana Lupitu, Lucian Copolovici,&nbsp;<strong>CELL-PENETRATING PEPTIDES FOR CANCER THERAPY,&nbsp;<\/strong>OncoHub-Connecting Physicians &amp; Scientists for Next Generation Cancer Management, A Doua Editie, 21-23 Septembrie 2022, Poiana Brasov, Romania.<\/li>\n\n\n\n<li>Lucian Copolovici, Andreea Ioana Lupitu,&nbsp;Cristian Moisa, Dana Maria Copolovici,&nbsp;<strong>DESIGN OF POTENTIAL CELL-PENETRATING PEPTIDES FOR ANTI-CANCER THERAPY,&nbsp;<\/strong>OncoHub-Connecting Physicians &amp; Scientists for Next Generation Cancer Management, A Doua Editie, 21-23 Septembrie 2022, Poiana Brasov, Romania.<\/li>\n\n\n\n<li>Dana Maria Copolovici, Ana-Maria Tolo\u015f, Carmen Popa,Cristian Moisa, Andreea Lupitu, Silvia Elena Mot, Lucian Copolovici,&nbsp;<strong>CELL-PENETRATING PEPTIDES,<\/strong>&nbsp;a XXXVI-a Conferin\u0163\u0103 Na\u0163ional\u0103 De Chimie, 04-07 Octombrie 2022, C\u0103lim\u0103ne\u015fti-C\u0103ciulata, Romania.<\/li>\n\n\n\n<li>Cristian Moisa, Andreea Lupitu, Lucian Copolovici, Dana Maria Copolovici,&nbsp;<strong>NATURAL AND SYNTHETIC CELL PENETRATING ANTIMICROBIAL PEPTIDES,<\/strong>&nbsp;a&nbsp;XXXVI-a Conferin\u0163\u0103 Na\u0163ional\u0103 De Chimie, 04-07 Octombrie 2022, C\u0103lim\u0103ne\u015fti-C\u0103ciulata, Romania.<\/li>\n\n\n\n<li>Dana-Maria Copolovici, Carmen Popa, Ana-Maria Tolo\u015f, Cristian Moisa, Andreea Lupitu, Silvia Elena Mot, Lucian Copolovici,<strong>&nbsp;ANTIMICROBIAL CELL-PENETRATING PEPTIDES,&nbsp;<\/strong>Invited Speaker at The14th Edition of symposium with international participation &#8211; New trends and strategies in the chemistry of advanced materials with relevance in biological systems, technique and environmental protection, 20-21 Octombrie2022, Timisoara, Romania.<\/li>\n\n\n\n<li>Ana-Maria Tolos, Carmen Popa, Cristian Moisa, Andreea Ioana Lupitu, Mihaela Dochia, Dorina Chambre, Dana G. Radu, Lucian Copolovici, Dana Maria Copolovici,<strong>&nbsp;MECHANISMS AND APPLICATIONS OF CELL-PENETRATING PEPTIDES,&nbsp;<\/strong>The International Conference and XXXIX Scientific Session of The Romanian Society for Cell Biology, 21-23 Octombrie 2022, Cluj-Napoca, Romania.<\/li>\n\n\n\n<li>Dana Maria Copolovici, Cristian Moisa, Andreea Ioana Lupitu, Lucian Copolovici,<strong>&nbsp;CELL-PENETRATING PEPTIDES AS NON-VIRAL VECTORS OF THERAPEUTICS<\/strong>, The International Conference and XXXIX Scientific Session of The Romanian Society for Cell Biology, 21-23 Octombrie 2022, Cluj-Napoca, Romania.<\/li>\n\n\n\n<li>Dana Copolovici, Dana Gina Radu, Cristian Moisa, Andreea Ioana Lupitu, Lucian Copolovici, <strong>NEW ANTIMICROBIAL PEPTIDES WITH POTENTIAL APPLICATIONS IN BIOTECHNOLOGY,<\/strong> International Conference \u201cAgriculture for Life, Life for Agriculture\u201d, 8-10 June 2023, Bucharest, Romania.<\/li>\n\n\n\n<li>Cristian Moisa, Andreea Ioana Lupitu, Lucian Octav Copolovici, Dana Maria Copolovici, <strong>ANTIMICROBIAL CELL-PENETRATING PEPTIDES<\/strong>, International Conference \u201cAgriculture for Life, Life for Agriculture\u201d, 8-10 June 2023, Bucharest, Romania.<\/li>\n\n\n\n<li>Andreea Gost\u0103viceanu, Dana Maria Copolovici, <strong>CURRENT APPLICATIONS OF ANTIMICROBIAL PEPTIDES<\/strong>, 4th Young Researchers&#8217; International Conference on Chemistry and Chemical Engineering (YRICCCE IV), 1-3 June 2023, Debrecen, Hungary.<\/li>\n\n\n\n<li>Dana Maria Copolovici, Andreea Gost\u0103viceanu, Carmen Popa, Cristian Moisa, Andreea Ioana Lupitu, Oana Gavriliuc, Florina Bojin, Lucian Copolovici, <strong>NEW CELL-PENETTRATING PEPTIDES WITH ANTIMICROBIAL PROPERTIES<\/strong>, The ANNUAL INTERNATIONAL CONFERENCE of the ROMANIAN SOCIETY of BIOCHEMISTRY and MOLECULAR BIOLOGY, September 13-15, <strong>2023<\/strong>, Cluj-Napoca, Romania. <\/li>\n\n\n\n<li>Lucian Copolovici, Andreea Gost\u0103viceanu, Simona Gavrila\u015f, Dana G. Radu, Mihaela Dochia, Cristian Moisa, Andreea Ioana Lupitu, Dana Maria Copolovici, <strong>PEPTIDE-BASED THERAPEUTICS,<\/strong> The ANNUAL INTERNATIONAL CONFERENCE of the ROMANIAN SOCIETY of BIOCHEMISTRY and MOLECULAR BIOLOGY, September 13-15, <strong>2023<\/strong>, Cluj-Napoca, Romania. <\/li>\n\n\n\n<li>Dana-Maria Copolovici, Andreea Gost\u0103viceanu, Dana Gina Radu, Cristian Moisa, Andreea Lupitu, Simona Gavrila\u015f, Dorina Chambre, Claudia Mure\u015fan, Alina Zamfir, Lucian Copolovici, <strong>ANTIMICROBIAL PEPTIDES AND THEIR POTENTIAL IN BIOMEDICAL APPLICATION<\/strong>, 15<sup>th<\/sup> Edition of the Conference \u201dNew Trends in Chemistry Research\u201d, September, 21-22, 2023, Timisoara, ROMANIA. <\/li>\n\n\n\n<li>Dana Maria Copolovici, Dana Gina Radu, Cristian Moisa, Andreea Ioana Lupitu, Oana Gavriliuc, Florina Bojin, Lucian Copolovici, <strong>NEW SYNTHETIC PEPTIDES WITH POTENTIAL APPLICATIONS IN MEDICINE AND BIOTECHNOLOGY<\/strong>, Sorrento 2013 \u2013 Sorrento 2023: A Decade of Peptide Materials, 26-28<sup>th<\/sup> October 2023, Sorrento, Italy. <\/li>\n\n\n\n<li>Lucian Copolovici, Dana Gina Radu, Cristian Moisa, Andreea Ioana Lupitu, Andreea Gost\u0103viceanu, Dorina Chambre, Simona Gavrila\u015f, Dana Maria Copolovici,<strong> ANTIMICROBIAL PEPTIDES WITH APPLICATIONS IN MEDICINE<\/strong>, Sorrento 2013 \u2013 Sorrento 2023: A Decade of Peptide Materials, 26-28<sup>th<\/sup> October 2023, Sorrento, Italy. <\/li>\n\n\n\n<li>Dana Copolovici, Dana Radu, Cristian Moisa, Andreea Lupitu, Andreea Gostaviceanu, Oana Gavriliuc, Florina Bojin, Lucian Copolovici, <strong>NEW ANTIMICROBIAL PEPTIDES&nbsp;<\/strong>, the 22<sup>nd&nbsp;<\/sup>International Conference \u201dLife Sciences for Sustainable Development\u201d,&nbsp;Cluj-Napoca, Romania,&nbsp;28<sup>th<\/sup>\u2013 30<sup>th<\/sup> September, 2023.<\/li>\n\n\n\n<li>Andreea Gost\u0103viceanu, Simona Gavrila\u015f, Lucian Copolovici And Dana Maria Copolovici, <strong>MEMBRANE ACTIVE PEPTIDES AND THEIR POTENTIAL BIOMEDICAL APPLICATION \u2013 A REVIEW<\/strong>, the 22<sup>nd&nbsp;<\/sup>International Conference \u201dLife Sciences for Sustainable Development\u201d,&nbsp;Cluj-Napoca, Romania,&nbsp;28<sup>th<\/sup>\u2013 30<sup>th<\/sup> September, 2023.<\/li>\n\n\n\n<li>Cristian Moisa, Andreea Lupitu, Flavia Bortes, Lucian Copolovici, Dana Maria Copolovici, <strong>APPLICATION OF CELL-PENETRATING PEPTIDES AS NEW THERAPEUTIC AGENTS<\/strong>, the 22<sup>nd&nbsp;<\/sup>International Conference \u201dLife Sciences for Sustainable Development\u201d,&nbsp;Cluj-Napoca, Romania,&nbsp;28<sup>th<\/sup>\u2013 30<sup>th<\/sup> September, 2023.<\/li>\n\n\n\n<li>Dana Maria Copolovici, Cristian Moisa, Dana G. Radu, Andreea I. Lupitu, Simona Gavrila\u0219, Mihaela Dochia, Lucian Copolovici, <strong>PEPTIDES WITH ANTIMICROBIAL PROPERTIES<\/strong>, &nbsp;<sup>6th <\/sup>International Conference on&nbsp;Recent Trends in Multi-Disciplinary Research&nbsp;Innovation In Multidisciplinary Research &amp; Practice, &nbsp;&nbsp;Istanbul, Turkey, 10<sub><sup>th<\/sup><\/sub>-11<sup>th<\/sup> November 2023.&nbsp;<\/li>\n\n\n\n<li>Andreea Lupitu, Flavia Bortes, Cristian Moisa, Lucian Copolovici, Dana Maria Copolovici, <strong>CELL-PENETRATING PEPTIDES OF NATURAL AND SYNTHETIC ORIGIN<\/strong>, &nbsp;<sup>6th <\/sup>International Conference on&nbsp;Recent Trends in Multi-Disciplinary Research&nbsp;Innovation In Multidisciplinary Research &amp; Practice, &nbsp;&nbsp;Istanbul, Turkey, 10<sub><sup>th<\/sup><\/sub>-11<sup>th<\/sup> November 2023.&nbsp;<\/li>\n\n\n\n<li>Flavia Bortes, Andreea Lupitu, Cristian Moisa, Lucian Copolovici, Dana Maria Copolovici, <strong>ANTIMICROBIAL CELL-PENETRATING PEPTIDES<\/strong>, <sup>6th <\/sup>International Conference on&nbsp;Recent Trends in Multi-Disciplinary Research&nbsp;Innovation In Multidisciplinary Research &amp; Practice, &nbsp;&nbsp;Istanbul, Turkey, 10<sub><sup>th<\/sup><\/sub>-11<sup>th<\/sup> November 2023.&nbsp;<\/li>\n\n\n\n<li>Dana Maria&nbsp;Copolovici, Cristian&nbsp;Moisa,&nbsp;Andreea&nbsp;Lupitu, Flavia&nbsp;Bortes, Dana&nbsp;Gina&nbsp;Radu, Lucian&nbsp;Copolovici, <strong>ANTIMICROBIAL PEPTIDES: SYNTHESIS, CHARACTERIZATION AND APPLICATIONS<\/strong>, V. International Conference on Global Practice of Multidisciplinary Scientific Studies, Baku, Azerbaijan, 10<sup>th<\/sup>-12<sup>th<\/sup> December 2023. <\/li>\n\n\n\n<li>Lucian Copolovici, Cristian Moisa, Andreea Lupitu, Dorina Chambre, Dana Maria Copolovici, <strong>EXPLORING ANTIMICROBIAL PEPTIDES: A NEW FRONTIER IN CANCER TREATMENT INNOVATION,<\/strong> <em>37th European Peptide Symposium and 14th International Peptide Symposium<\/em>, Florence, Italy, 25th-29th August <strong>2024<\/strong>.&nbsp;<\/li>\n\n\n\n<li><p style=\"margin-bottom: 0px; font-style: normal; font-variant-caps: normal; font-stretch: normal; font-size: 12px; line-height: normal; font-family: &quot;Times New Roman&quot;; font-size-adjust: none; font-kerning: auto; font-variant-alternates: normal; font-variant-ligatures: normal; font-variant-numeric: normal; font-variant-east-asian: normal; font-variant-position: normal; font-variant-emoji: normal; font-feature-settings: normal; font-optical-sizing: auto; font-variation-settings: normal; min-height: 15px;\"><\/p>Dana Maria Copolovici, Cristian Moisa, Andreea Lupitu, Florina Bojin, Oana Gavriliuc, Mihaela Dochia, Dorina Chambre, Lucian Copolovici, <strong>BUFORIN-DERIVED SYNTHETIC PEPTIDES WITH POTENTIAL APPLICATIONS IN MEDICINE,<\/strong> 37th European Peptide Symposium and 14th International Peptide Symposium, Florence, Italy, 25th-29th August 2024.&nbsp;<\/li>\n\n\n\n<li>Dana Maria Copolovici, Cristian Moisa, Andreea Lupitu, Andreea Gost\u0103viceanu, Dorina Chambre, Claudia Mure\u0219an, Alina Zamfir, Lucian Copolovici, <strong>CELL-PENETRATING PEPTIDES AS ANTIMICROBIALS,<\/strong> The 16th Edition of the Conference\u201dNew Trends in Chemistry Research\u201d, Timisoara, Romania, 18-20 September 2024.&nbsp;<\/li>\n\n\n\n<li>Dana-Maria Copolovici, Andreea Gost\u0103viceanu, Cristian Moisa, Andreea Ioana Lupitu, Oana Gavriliuc, Florina Bojin, Alina Zamfir, Lucian Copolovici, <strong>ANTIMICROBIAL EFFICACY OF NOVEL CELL-PENETRATING PEPTIDES,<\/strong> The Annual International Conference of RSBMB, Bucharest, Romania, 25th-27th September 2024.&nbsp;<\/li>\n\n\n\n<li>Andreea Gost\u0103viceanu, Cristian Moisa, Andreea Lupitu, Lucian Copolovici, Dana-Maria Copolovici, <strong>SYNTHESIS AND CHARACTERIZATION OF BUFORIN DERIVATIVES,<\/strong> <em>The Annual International Conference of RSBMB<\/em>, Bucharest, Romania, 25th-27th September <strong>2024<\/strong>.&nbsp;<\/li>\n\n\n\n<li><p style=\"margin-bottom: 0px; font-style: normal; font-variant-caps: normal; font-stretch: normal; font-size: 12px; line-height: normal; font-family: &quot;Times New Roman&quot;; font-size-adjust: none; font-kerning: auto; font-variant-alternates: normal; font-variant-ligatures: normal; font-variant-numeric: normal; font-variant-east-asian: normal; font-variant-position: normal; font-variant-emoji: normal; font-feature-settings: normal; font-optical-sizing: auto; font-variation-settings: normal; min-height: 15px;\"><\/p>Andreea Gost\u0103viceanu, Cristian Mois\u0103, Andreea Lupitu, Lucian Copolovici, Dana-Maria Copolovici, <b>BUFORIN DERIVATIVES: SYNTHESIS AND ANTIMICROBIAL PROSPECTS,<\/b> The 23rd International Conference \u201dLife Sciences for Sustainable Development\u201d, Cluj-Napoca, Romania, 26th\u2013 28th September 2024.&nbsp;<\/li>\n\n\n\n<li><p style=\"margin-bottom: 0px; font-style: normal; font-variant-caps: normal; font-stretch: normal; font-size: 12px; line-height: normal; font-family: &quot;Times New Roman&quot;; font-size-adjust: none; font-kerning: auto; font-variant-alternates: normal; font-variant-ligatures: normal; font-variant-numeric: normal; font-variant-east-asian: normal; font-variant-position: normal; font-variant-emoji: normal; font-feature-settings: normal; font-optical-sizing: auto; font-variation-settings: normal; min-height: 15px;\"><\/p>Cristian Moisa, Andreea Lupitu, Lucian Copolovici, Dana-Maria Copolovici, <strong>CELL-PENETRATING PEPTIDES: MICROWAVE-ASSISTED SPPS SYNTHESIS AND CHARACTERIZATION,<\/strong> The 23rd International Conference \u201dLife Sciences for Sustainable Development\u201d, Cluj-Napoca, Romania, 26th\u2013 28th September 2024.&nbsp;<br><br><\/li>\n<\/ol>\n\n\n\n<p>Awards<\/p>\n\n\n\n<ol class=\"wp-block-list\">\n<li><strong>BEST POSTER <\/strong>&#8211; Cristian Moisa, Andreea Ioana Lupitu, Lucian Octav Copolovici, Dana Maria Copolovici, <strong>ANTIMICROBIAL CELL-PENETRATING PEPTIDES<\/strong>, International Conference \u201cAgriculture for Life, Life for Agriculture\u201d, 8-10 June 2023, Bucharest, Romania.<\/li>\n\n\n\n<li><strong>BEST PRESENTATION<\/strong> &#8211; Dana Maria Copolovici, Cristian Moisa, Dana G. Radu, Andreea I. Lupitu, Simona Gavrila\u0219, Mihaela Dochia, Lucian Copolovici, <strong>PEPTIDES WITH ANTIMICROBIAL PROPERTIES<\/strong>, &nbsp;<sup>6th <\/sup>International Conference on&nbsp;Recent Trends in Multi-Disciplinary Research&nbsp;Innovation In Multidisciplinary Research &amp; Practice, &nbsp;&nbsp;Istanbul, Turkey, 10<sub><sup>th<\/sup><\/sub>-11<sup>th<\/sup> November 2023.&nbsp; <\/li>\n<\/ol>\n\n\n\n<figure class=\"wp-block-image size-full is-resized\"><img decoding=\"async\" src=\"https:\/\/cpps-cancer.uav.ro\/wp-content\/uploads\/2023\/11\/Placa-Dana.tiff\" alt=\"\" class=\"wp-image-190\" style=\"width:200px\"\/><\/figure>\n\n\n\n<figure class=\"wp-block-table\"><table><tbody><tr><td><\/td><\/tr><\/tbody><\/table><\/figure>\n","protected":false},"excerpt":{"rendered":"<p>Scientific Papers Scientific Conferences Awards<\/p>\n","protected":false},"author":1,"featured_media":0,"parent":0,"menu_order":0,"comment_status":"closed","ping_status":"closed","template":"","meta":{"footnotes":""},"class_list":["post-31","page","type-page","status-publish","hentry"],"_links":{"self":[{"href":"https:\/\/cpps-cancer.uav.ro\/index.php?rest_route=\/wp\/v2\/pages\/31","targetHints":{"allow":["GET"]}}],"collection":[{"href":"https:\/\/cpps-cancer.uav.ro\/index.php?rest_route=\/wp\/v2\/pages"}],"about":[{"href":"https:\/\/cpps-cancer.uav.ro\/index.php?rest_route=\/wp\/v2\/types\/page"}],"author":[{"embeddable":true,"href":"https:\/\/cpps-cancer.uav.ro\/index.php?rest_route=\/wp\/v2\/users\/1"}],"replies":[{"embeddable":true,"href":"https:\/\/cpps-cancer.uav.ro\/index.php?rest_route=%2Fwp%2Fv2%2Fcomments&post=31"}],"version-history":[{"count":26,"href":"https:\/\/cpps-cancer.uav.ro\/index.php?rest_route=\/wp\/v2\/pages\/31\/revisions"}],"predecessor-version":[{"id":234,"href":"https:\/\/cpps-cancer.uav.ro\/index.php?rest_route=\/wp\/v2\/pages\/31\/revisions\/234"}],"wp:attachment":[{"href":"https:\/\/cpps-cancer.uav.ro\/index.php?rest_route=%2Fwp%2Fv2%2Fmedia&parent=31"}],"curies":[{"name":"wp","href":"https:\/\/api.w.org\/{rel}","templated":true}]}}